{"id":20,"date":"2024-02-11T18:58:49","date_gmt":"2024-02-11T18:58:49","guid":{"rendered":"https:\/\/bidebarri.org\/?page_id=20"},"modified":"2024-06-19T09:17:00","modified_gmt":"2024-06-19T09:17:00","slug":"20-2","status":"publish","type":"page","link":"https:\/\/bidebarri.org\/es\/","title":{"rendered":"Inicio"},"content":{"rendered":"<p>[et_pb_section fb_built=\u00bb1&#8243; fullwidth=\u00bbon\u00bb _builder_version=\u00bb4.24.0&#8243; _module_preset=\u00bbdefault\u00bb collapsed=\u00bboff\u00bb global_colors_info=\u00bb{}\u00bb][et_pb_fullwidth_slider _builder_version=\u00bb4.24.2&#8243; _module_preset=\u00bbdefault\u00bb background_enable_image=\u00bboff\u00bb height=\u00bb301px\u00bb custom_margin=\u00bb||44px|||\u00bb custom_padding=\u00bb||146px|||\u00bb global_module=\u00bb91&#8243; saved_tabs=\u00bball\u00bb global_colors_info=\u00bb{}\u00bb][et_pb_slide _builder_version=\u00bb4.24.0&#8243; _module_preset=\u00bbdefault\u00bb background_image=\u00bbhttps:\/\/bidebarri.org\/wp-content\/uploads\/2024\/02\/banners_vending.jpg\u00bb background_enable_image=\u00bbon\u00bb global_colors_info=\u00bb{}\u00bb sticky_transition=\u00bbon\u00bb][\/et_pb_slide][et_pb_slide _builder_version=\u00bb4.24.0&#8243; _module_preset=\u00bbdefault\u00bb background_image=\u00bbhttps:\/\/bidebarri.org\/wp-content\/uploads\/2024\/02\/banners_quienes_somos.jpg\u00bb background_enable_image=\u00bbon\u00bb global_colors_info=\u00bb{}\u00bb sticky_transition=\u00bbon\u00bb][\/et_pb_slide][et_pb_slide _builder_version=\u00bb4.24.0&#8243; _module_preset=\u00bbdefault\u00bb background_image=\u00bbhttps:\/\/bidebarri.org\/wp-content\/uploads\/2024\/02\/banners_filosofia.jpg\u00bb background_enable_image=\u00bbon\u00bb global_colors_info=\u00bb{}\u00bb sticky_transition=\u00bbon\u00bb][\/et_pb_slide][et_pb_slide _builder_version=\u00bb4.24.0&#8243; _module_preset=\u00bbdefault\u00bb background_image=\u00bbhttps:\/\/bidebarri.org\/wp-content\/uploads\/2024\/02\/banners_limpieza.jpg\u00bb background_enable_image=\u00bbon\u00bb global_colors_info=\u00bb{}\u00bb sticky_transition=\u00bbon\u00bb][\/et_pb_slide][et_pb_slide _builder_version=\u00bb4.24.0&#8243; _module_preset=\u00bbdefault\u00bb background_image=\u00bbhttps:\/\/bidebarri.org\/wp-content\/uploads\/2024\/02\/banner_nuestrosserv.jpg\u00bb background_enable_image=\u00bbon\u00bb global_colors_info=\u00bb{}\u00bb sticky_transition=\u00bbon\u00bb][\/et_pb_slide][et_pb_slide _builder_version=\u00bb4.24.0&#8243; _module_preset=\u00bbdefault\u00bb background_image=\u00bbhttps:\/\/bidebarri.org\/wp-content\/uploads\/2024\/02\/banner_blog.jpg\u00bb background_enable_image=\u00bbon\u00bb global_colors_info=\u00bb{}\u00bb sticky_transition=\u00bbon\u00bb][\/et_pb_slide][et_pb_slide _builder_version=\u00bb4.24.0&#8243; _module_preset=\u00bbdefault\u00bb background_image=\u00bbhttps:\/\/bidebarri.org\/wp-content\/uploads\/2024\/02\/banner_contacto.jpg\u00bb background_enable_image=\u00bbon\u00bb global_colors_info=\u00bb{}\u00bb sticky_transition=\u00bbon\u00bb][\/et_pb_slide][\/et_pb_fullwidth_slider][\/et_pb_section][et_pb_section fb_built=\u00bb1&#8243; _builder_version=\u00bb4.24.0&#8243; _module_preset=\u00bbdefault\u00bb collapsed=\u00bboff\u00bb global_colors_info=\u00bb{}\u00bb][et_pb_row column_structure=\u00bb1_4,3_4&#8243; _builder_version=\u00bb4.24.0&#8243; _module_preset=\u00bbdefault\u00bb global_colors_info=\u00bb{}\u00bb][et_pb_column type=\u00bb1_4&#8243; _builder_version=\u00bb4.24.0&#8243; _module_preset=\u00bbdefault\u00bb global_colors_info=\u00bb{}\u00bb][et_pb_text _builder_version=\u00bb4.24.0&#8243; _module_preset=\u00bbdefault\u00bb global_colors_info=\u00bb{}\u00bb]<\/p>\n<h2><strong><span style=\"color: #ff6600;\">Nuestros servicios<\/span><\/strong><\/h2>\n<p>[\/et_pb_text][et_pb_blurb title=\u00bbVending\u00bb use_icon=\u00bbon\u00bb font_icon=\u00bb&#xf0f4;||fa||900&#8243; icon_color=\u00bb#E06100&#8243; image_icon_width=\u00bb35px\u00bb content_max_width=\u00bb95px\u00bb _builder_version=\u00bb4.24.2&#8243; _dynamic_attributes=\u00bblink_option_url\u00bb _module_preset=\u00bbdefault\u00bb header_text_align=\u00bbcenter\u00bb header_text_color=\u00bb#000000&#8243; header_font_size=\u00bb20px\u00bb animation_style=\u00bbroll\u00bb link_option_url=\u00bb@ET-DC@eyJkeW5hbWljIjp0cnVlLCJjb250ZW50IjoicG9zdF9saW5rX3VybF9wYWdlIiwic2V0dGluZ3MiOnsicG9zdF9pZCI6IjExOSJ9fQ==@\u00bb border_radii=\u00bbon|100px|100px|100px|100px\u00bb border_radii_image=\u00bbon|20px|20px|20px|20px\u00bb global_colors_info=\u00bb{}\u00bb][\/et_pb_blurb][et_pb_blurb title=\u00bbLimpieza\u00bb use_icon=\u00bbon\u00bb font_icon=\u00bb&#xf043;||fa||900&#8243; icon_color=\u00bb#E06100&#8243; image_icon_width=\u00bb35px\u00bb content_max_width=\u00bb95px\u00bb _builder_version=\u00bb4.24.2&#8243; _dynamic_attributes=\u00bblink_option_url\u00bb _module_preset=\u00bbdefault\u00bb header_text_align=\u00bbcenter\u00bb header_text_color=\u00bb#000000&#8243; header_font_size=\u00bb20px\u00bb animation_style=\u00bbroll\u00bb link_option_url=\u00bb@ET-DC@eyJkeW5hbWljIjp0cnVlLCJjb250ZW50IjoicG9zdF9saW5rX3VybF9wYWdlIiwic2V0dGluZ3MiOnsicG9zdF9pZCI6IjEyNCJ9fQ==@\u00bb border_radii=\u00bbon|100px|100px|100px|100px\u00bb border_radii_image=\u00bbon|20px|20px|20px|20px\u00bb global_colors_info=\u00bb{}\u00bb][\/et_pb_blurb][et_pb_blurb title=\u00bbOtros\u00bb use_icon=\u00bbon\u00bb font_icon=\u00bb&#xe050;||divi||400&#8243; icon_color=\u00bb#E06100&#8243; image_icon_width=\u00bb35px\u00bb content_max_width=\u00bb95px\u00bb _builder_version=\u00bb4.24.2&#8243; _dynamic_attributes=\u00bblink_option_url\u00bb _module_preset=\u00bbdefault\u00bb header_text_align=\u00bbcenter\u00bb header_text_color=\u00bb#000000&#8243; header_font_size=\u00bb20px\u00bb animation_style=\u00bbroll\u00bb link_option_url=\u00bb@ET-DC@eyJkeW5hbWljIjp0cnVlLCJjb250ZW50IjoicG9zdF9saW5rX3VybF9wYWdlIiwic2V0dGluZ3MiOnsicG9zdF9pZCI6IjEyOSJ9fQ==@\u00bb border_radii=\u00bbon|100px|100px|100px|100px\u00bb border_radii_image=\u00bbon|20px|20px|20px|20px\u00bb global_colors_info=\u00bb{}\u00bb][\/et_pb_blurb][\/et_pb_column][et_pb_column type=\u00bb3_4&#8243; _builder_version=\u00bb4.24.0&#8243; _module_preset=\u00bbdefault\u00bb global_colors_info=\u00bb{}\u00bb][et_pb_text _builder_version=\u00bb4.25.1&#8243; _module_preset=\u00bbdefault\u00bb hover_enabled=\u00bb0&#8243; global_colors_info=\u00bb{}\u00bb sticky_enabled=\u00bb0&#8243;]<\/p>\n<h2 style=\"text-align: center;\"><strong><span style=\"color: #ff6600;\">Qui\u00e9nes somos<\/span><\/strong><\/h2>\n<p>&nbsp;<\/p>\n<p style=\"text-align: justify;\">Bidebarri es una Empresa de Inserci\u00f3n ubicada en O\u00f1ati cuya finalidad es dar trabajo o una soluci\u00f3n a personas, que por su problem\u00e1tica personal est\u00e1n en una situaci\u00f3n socio-personal de exclusi\u00f3n; especialmente, por tener alg\u00fan tipo de discapacidad y\/o por encontrarse en una situaci\u00f3n econ\u00f3mica y social precaria o en riesgo de estarlo.<\/p>\n<p style=\"text-align: justify;\">Bidebarri est\u00e1 calificada como Empresa de Inserci\u00f3n por parte del Gobierno Vasco. Para todo ello lleva a cabo tres actividades econ\u00f3micas (Vending, Servicios de limpieza, Otros servicios (repartos, etc.)).<span>\u00a0<\/span><\/p>\n<p>[\/et_pb_text][\/et_pb_column][\/et_pb_row][\/et_pb_section]<\/p>\n","protected":false},"excerpt":{"rendered":"<p>Nuestros serviciosQui\u00e9nes somos &nbsp; Bidebarri es una Empresa de Inserci\u00f3n ubicada en O\u00f1ati cuya finalidad es dar trabajo o una soluci\u00f3n a personas, que por su problem\u00e1tica personal est\u00e1n en una situaci\u00f3n socio-personal de exclusi\u00f3n; especialmente, por tener alg\u00fan tipo de discapacidad y\/o por encontrarse en una situaci\u00f3n econ\u00f3mica y social precaria o en riesgo [&hellip;]<\/p>\n","protected":false},"author":1,"featured_media":0,"parent":0,"menu_order":0,"comment_status":"closed","ping_status":"closed","template":"","meta":{"_et_pb_use_builder":"on","_et_pb_old_content":"","_et_gb_content_width":"","pagelayer_contact_templates":[],"_pagelayer_content":"","footnotes":""},"class_list":["post-20","page","type-page","status-publish","hentry"],"_links":{"self":[{"href":"https:\/\/bidebarri.org\/es\/wp-json\/wp\/v2\/pages\/20","targetHints":{"allow":["GET"]}}],"collection":[{"href":"https:\/\/bidebarri.org\/es\/wp-json\/wp\/v2\/pages"}],"about":[{"href":"https:\/\/bidebarri.org\/es\/wp-json\/wp\/v2\/types\/page"}],"author":[{"embeddable":true,"href":"https:\/\/bidebarri.org\/es\/wp-json\/wp\/v2\/users\/1"}],"replies":[{"embeddable":true,"href":"https:\/\/bidebarri.org\/es\/wp-json\/wp\/v2\/comments?post=20"}],"version-history":[{"count":11,"href":"https:\/\/bidebarri.org\/es\/wp-json\/wp\/v2\/pages\/20\/revisions"}],"predecessor-version":[{"id":173,"href":"https:\/\/bidebarri.org\/es\/wp-json\/wp\/v2\/pages\/20\/revisions\/173"}],"wp:attachment":[{"href":"https:\/\/bidebarri.org\/es\/wp-json\/wp\/v2\/media?parent=20"}],"curies":[{"name":"wp","href":"https:\/\/api.w.org\/{rel}","templated":true}]}}