{"id":156,"date":"2024-05-19T18:19:19","date_gmt":"2024-05-19T18:19:19","guid":{"rendered":"https:\/\/bidebarri.org\/?page_id=156"},"modified":"2024-05-19T18:20:44","modified_gmt":"2024-05-19T18:20:44","slug":"156-2","status":"publish","type":"page","link":"https:\/\/bidebarri.org\/es\/156-2\/","title":{"rendered":"Aviso Legal"},"content":{"rendered":"<p>[et_pb_section fb_built=\u00bb1&#8243; theme_builder_area=\u00bbpost_content\u00bb _builder_version=\u00bb4.25.1&#8243; _module_preset=\u00bbdefault\u00bb][et_pb_row _builder_version=\u00bb4.25.1&#8243; _module_preset=\u00bbdefault\u00bb theme_builder_area=\u00bbpost_content\u00bb][et_pb_column _builder_version=\u00bb4.25.1&#8243; _module_preset=\u00bbdefault\u00bb type=\u00bb4_4&#8243; theme_builder_area=\u00bbpost_content\u00bb][et_pb_text _builder_version=\u00bb4.25.1&#8243; _module_preset=\u00bbdefault\u00bb theme_builder_area=\u00bbpost_content\u00bb hover_enabled=\u00bb0&#8243; sticky_enabled=\u00bb0&#8243;]<\/p>\n<h2><span>Aviso legal<\/span><\/h2>\n<p>&nbsp;<\/p>\n<h3><span>Condiciones generales<\/span><\/h3>\n<p>Este sitio web es propiedad de<span>\u00a0<\/span><strong>BIDEBARRI E.Z.S.L.<span>\u00a0<\/span><\/strong>con CIF B-20564613.<br \/>El domicilio del sitio web a efectos de notificaciones y comunicaciones de cualquier tipo es: Zubillaga, 20 \u2013 20560 O\u00f1ati (Gipuzkoa) y el correo electr\u00f3nico<span>\u00a0<\/span><a title=\"info(arroba)bidebarri.org\" href=\"mailto:bidebarri@bidebarri.org\">bidebarri(arroba)bidebarri.org<\/a>.<\/p>\n<p>El uso del sitio Web implica la plena aceptaci\u00f3n de las condiciones aqu\u00ed expuestas, sin perjuicio de aquellas particulares que pudieran aplicarse a algunos de los servicios concretos ofrecidos a trav\u00e9s del sitio Web.<\/p>\n<p><strong>BIDEBARRI E.Z.S.L.<span>\u00a0<\/span><\/strong>se reserva el derecho de modificar en cualquier momento las presentes condiciones de uso as\u00ed como cualesquiera otras condiciones particulares.<\/p>\n<p>&nbsp;<\/p>\n<h3><span>Propiedad intelectual sobre los contenidos del sitio Web<\/span><\/h3>\n<p>El contenido de este texto legal, al igual que el de todos los contenidos de<span>\u00a0<\/span><strong>bidebarri.org<\/strong><span>\u00a0<\/span>(textos, im\u00e1genes, etc.), est\u00e1n protegidos bajo una licencia Creative Commons de tipo\u00a0<a id=\"license_title_link\" href=\"http:\/\/creativecommons.org\/licenses\/by-nc-sa\/4.0\/\" target=\"_blank\" rel=\"noopener\">Reconocimiento-NoComercial-CompartirIgual 4.0 Internacional<\/a><\/p>\n<p><a href=\"http:\/\/creativecommons.org\/licenses\/by-nc-sa\/4.0\/\" target=\"_blank\" rel=\"license noopener\"><img decoding=\"async\" src=\"http:\/\/i.creativecommons.org\/l\/by-nc-sa\/4.0\/88x31.png\" alt=\"Licencia de Creative Commons\" \/><\/a><br \/>La p\u00e1gina web de<span>\u00a0<\/span><strong>BIDEBARRI E.Z.S.L.<span>\u00a0<\/span><\/strong>est\u00e1 licenciada bajo<span>\u00a0<\/span><a title=\"Ver detalles de la licencia en la web de Creative Commons\" href=\"http:\/\/creativecommons.org\/licenses\/by-nc-sa\/4.0\/\" target=\"_blank\" rel=\"license noopener\">Creative Commons Reconocimiento-NoComercial-CompartirIgual 4.0 Internacional License<\/a>.<\/p>\n<p><strong>bidebarri.org<\/strong><span>\u00a0<\/span>contiene enlaces a p\u00e1ginas de terceros cuyos contenidos, disponibilidad t\u00e9cnica y servicios ofrecidos en ellas no puede controlar. Por tanto queda exonerado de toda responsabilidad en caso de fallos de acceso a las mismas. Tampoco ser\u00e1 responsable de los contenidos y servicios prestados a trav\u00e9s ellas, recayendo cualquier tipo de responsabilidad por estos conceptos sobre los propietarios de las mismas. Tampoco ser\u00e1 responsable de los da\u00f1os causados al usuario por la consulta o uso de los contenidos o servicios ofrecidos por una p\u00e1gina web cuyo acceso se haya producido por medio de un enlace incluido en el portal.<\/p>\n<p><strong>bidebarri.org<\/strong>\u00a0no garantiza la disponibilidad permanente de los servicios que ofrece el sitio web. Cuando sea razonablemente posible\u00a0<strong>bidebarri.org<\/strong><span>\u00a0<\/span>advertir\u00e1 previamente de las interrupciones en los servicios. Quedando exonerado por cualquier tipo de responsabilidad por posibles da\u00f1os y perjuicios causados debido a la indisponibilidad del servicio por causas de fuerza mayor ajenas a su voluntad. Tampoco ser\u00e1 responsable del inadecuado funcionamiento del portal debido a labores de mantenimiento, a una defectuosa configuraci\u00f3n de los equipos del usuario o a su insuficiente capacidad para soportar los requisitos inform\u00e1ticos indispensables para poder hacer uso del servicio.<\/p>\n<p>&nbsp;<\/p>\n<h3><span>Pol\u00edtica de privacidad<\/span><\/h3>\n<p><strong>bidebarri.org<\/strong>\u00a0informa a las personas usuarias del sitio web, en cumplimiento con la Ley Org\u00e1nica 15\/1999, de 13 de diciembre, de Protecci\u00f3n de datos, sobre su pol\u00edtica de protecci\u00f3n de datos personales con la finalidad de que \u00e9stas decidan de forma expresa, libre y voluntaria, si desean facilitar a<span>\u00a0<\/span><strong>bidebarri.org<\/strong><span>\u00a0<\/span>los datos personales que les son solicitados en el sitio web para la prestaci\u00f3n de sus servicios. Si la persona usuaria, tras la lectura del presente documento, contin\u00faa utilizando la web, estar\u00e1 manifestando su aceptaci\u00f3n expresa de esta pol\u00edtica de privacidad y tratamiento de datos personales. En caso contrario el usuario deber\u00e1 abandonar el sitio web.<\/p>\n<p>Tambi\u00e9n se informa a las personas usuarias que la informaci\u00f3n recavada a trav\u00e9s de los diferentes formularios de contacto de la web, no es archivada ni clasificada y se usa \u00fanicamente con la finalidad de responder a las dudas o cuestiones planteadas a trav\u00e9s de dichos formularios.<\/p>\n<p>La persona usuaria deber\u00e1 rellenar los formularios con datos verdaderos, exactos, completos y actualizados, respondiendo de los da\u00f1os y perjuicios que pudieran ocasionar a causa de la cumplimentaci\u00f3n defectuosa de los formularios con datos falsos, inexactos, incompletos o no actualizados.<\/p>\n<p>La persona usuaria o persona que la represente podr\u00e1 ejercitar en cualquier momento el derecho de acceso, rectificaci\u00f3n, cancelaci\u00f3n y, en su caso, oposici\u00f3n de acuerdo con lo establecido en la LOPD y dem\u00e1s normativa aplicable al efecto, dirigi\u00e9ndose por escrito al correo electr\u00f3nico<span>\u00a0<\/span><a title=\"info(arroba)bidebarri.org\" href=\"mailto:bidebarri@bidebarri.org\">bidebarri(arroba)bidebarri.org<\/a><span>\u00a0<\/span>o por correo postal a<span>\u00a0<\/span><strong>BIDEBARRI E.Z.S.L.<\/strong>, Zubillaga, 20 \u2013 20560 O\u00f1ati (Gipuzkoa), debi\u00e9ndose acreditar la identidad de la persona usuaria.<\/p>\n<p>&nbsp;<\/p>\n<h3><span>Pol\u00edtica de cookies<\/span><\/h3>\n<p>La mayor\u00eda de los sitios web guardan una informaci\u00f3n m\u00ednima sobre la actividad de sus personas usuarias. Esa informaci\u00f3n tiene la forma de un peque\u00f1o archivo de texto y se conoce como \u00abcookie\u00bb. Ese archivo se almacena en el ordenador del usuario.<\/p>\n<p><strong>BIDEBARRI E.Z.S.L.<span>\u00a0<\/span><\/strong>\u00a0puede utilizar cookies cuando una persona usuaria navega por las diferentes p\u00e1ginas del sitio web. Tales cookies ser\u00e1n usadas por\u00a0<strong>BIDEBARRI E.Z.S.L.<span>\u00a0<\/span><\/strong>para medir y analizar el tr\u00e1fico del sitio web y as\u00ed facilitar el uso del sitio web y adaptar su contenido para que resulte m\u00e1s \u00fatil a la persona usuaria. Adem\u00e1s tambi\u00e9n permiten recordar a la persona usuaria cuando visita de nuevo el sitio web, as\u00ed como identificar y resolver errores. Ninguna informaci\u00f3n que se recopile identifica a la persona usuaria de manera personal.<\/p>\n<p>Cookies utilizadas en<span>\u00a0<\/span><strong>bidebarri.org<\/strong>:<\/p>\n<p>Cookies de Google Analytics., son ajenas a<span>\u00a0<\/span><strong>BIDEBARRI E.Z.S.L.<span>\u00a0<\/span><\/strong>, consulte la pol\u00edtica de privacidad de Google para m\u00e1s informaci\u00f3n. Los datos no se comparten con ninguna empresa externa.<\/p>\n<p>Informaci\u00f3n sobre las cookies de Google Analytics: En cumplimiento del Real Decreto-ley 13\/2012,\u00a0<strong>BIDEBARRI E.Z.S.L.<span>\u00a0<\/span><\/strong>le informa de que su sitio web utiliza Google Analytics, un servicio de anal\u00edtica web prestado por Google, Inc. Google Analytics aloja una serie de cookies en su ordenador con la \u00fanica finalidad de aportar estad\u00edsticas a\u00a0<strong>BIDEBARRI E.Z.S.L.<span>\u00a0<\/span><\/strong>y as\u00ed poder conocer mejor el uso del sitio web. Google ha desarrollado un complemento que puede instalar en su navegador si desea no ser restreado por sus cookies:<span>\u00a0<\/span><a title=\"Descargar complemento Opt-out\" href=\"https:\/\/tools.google.com\/dlpage\/gaoptout\" target=\"_blank\" rel=\"noopener\">Complemento Opt-out de Google Analytics<\/a>.<\/p>\n<p>Si la persona usuaria, lo estima oportuno, puede configurar su navegador para ser avisada visualmente de la recepci\u00f3n de cookies o poder bloquear la instalaci\u00f3n de las mismas, pero como consecuencia se ver\u00eda afectada su experiencia de navegaci\u00f3n, ya que dejar\u00eda de tener acceso a multiples funciones de los sitios web que visite. M\u00e1s informaci\u00f3n sobre c\u00f3mo modificar la configuraci\u00f3n de cookies en diferentes navegadores:<\/p>\n<ul>\n<li><a href=\"https:\/\/support.google.com\/chrome\/bin\/answer.py?hl=es&amp;hlrm=en-GB&amp;p=cpn_cookies&amp;answer=95647\" target=\"_blank\" rel=\"noopener\">Chrome<\/a><\/li>\n<li><a href=\"http:\/\/support.mozilla.org\/es\/kb\/habilitar-y-deshabilitar-cookies-que-los-sitios-we\" target=\"_blank\" rel=\"noopener\">Firefox<\/a><\/li>\n<li><a href=\"http:\/\/windows.microsoft.com\/es-es\/windows-vista\/block-or-allow-cookies\" target=\"_blank\" rel=\"noopener\">Internet Explorer<\/a><\/li>\n<li><a href=\"http:\/\/www.opera.com\/browser\/tutorials\/security\/privacy\/\" target=\"_blank\" rel=\"noopener\">Opera<\/a><\/li>\n<li><a href=\"http:\/\/docs.info.apple.com\/article.html?path=Safari\/5.0\/en\/11471.html\" target=\"_blank\" rel=\"noopener\">Safari<\/a><\/li>\n<\/ul>\n<p>[\/et_pb_text][\/et_pb_column][\/et_pb_row][\/et_pb_section]<\/p>\n","protected":false},"excerpt":{"rendered":"<p>Aviso legal &nbsp; Condiciones generales Este sitio web es propiedad de\u00a0BIDEBARRI E.Z.S.L.\u00a0con CIF B-20564613.El domicilio del sitio web a efectos de notificaciones y comunicaciones de cualquier tipo es: Zubillaga, 20 \u2013 20560 O\u00f1ati (Gipuzkoa) y el correo electr\u00f3nico\u00a0bidebarri(arroba)bidebarri.org. El uso del sitio Web implica la plena aceptaci\u00f3n de las condiciones aqu\u00ed expuestas, sin perjuicio de [&hellip;]<\/p>\n","protected":false},"author":1,"featured_media":0,"parent":0,"menu_order":0,"comment_status":"closed","ping_status":"closed","template":"","meta":{"_et_pb_use_builder":"on","_et_pb_old_content":"","_et_gb_content_width":"","pagelayer_contact_templates":[],"_pagelayer_content":"","footnotes":""},"class_list":["post-156","page","type-page","status-publish","hentry"],"_links":{"self":[{"href":"https:\/\/bidebarri.org\/es\/wp-json\/wp\/v2\/pages\/156","targetHints":{"allow":["GET"]}}],"collection":[{"href":"https:\/\/bidebarri.org\/es\/wp-json\/wp\/v2\/pages"}],"about":[{"href":"https:\/\/bidebarri.org\/es\/wp-json\/wp\/v2\/types\/page"}],"author":[{"embeddable":true,"href":"https:\/\/bidebarri.org\/es\/wp-json\/wp\/v2\/users\/1"}],"replies":[{"embeddable":true,"href":"https:\/\/bidebarri.org\/es\/wp-json\/wp\/v2\/comments?post=156"}],"version-history":[{"count":3,"href":"https:\/\/bidebarri.org\/es\/wp-json\/wp\/v2\/pages\/156\/revisions"}],"predecessor-version":[{"id":160,"href":"https:\/\/bidebarri.org\/es\/wp-json\/wp\/v2\/pages\/156\/revisions\/160"}],"wp:attachment":[{"href":"https:\/\/bidebarri.org\/es\/wp-json\/wp\/v2\/media?parent=156"}],"curies":[{"name":"wp","href":"https:\/\/api.w.org\/{rel}","templated":true}]}}