{"id":124,"date":"2024-03-03T22:29:41","date_gmt":"2024-03-03T22:29:41","guid":{"rendered":"https:\/\/bidebarri.org\/?page_id=124"},"modified":"2024-06-19T09:41:18","modified_gmt":"2024-06-19T09:41:18","slug":"limpieza","status":"publish","type":"page","link":"https:\/\/bidebarri.org\/es\/nuestos-servicios\/limpieza\/","title":{"rendered":"Limpieza"},"content":{"rendered":"<p>[et_pb_section fb_built=\u00bb1&#8243; fullwidth=\u00bbon\u00bb _builder_version=\u00bb4.24.0&#8243; _module_preset=\u00bbdefault\u00bb collapsed=\u00bboff\u00bb global_colors_info=\u00bb{}\u00bb][et_pb_fullwidth_slider _builder_version=\u00bb4.24.0&#8243; _module_preset=\u00bbdefault\u00bb background_enable_image=\u00bboff\u00bb height=\u00bb253px\u00bb custom_margin=\u00bb||44px|||\u00bb custom_padding=\u00bb||150px|||\u00bb global_colors_info=\u00bb{}\u00bb][et_pb_slide _builder_version=\u00bb4.24.0&#8243; _module_preset=\u00bbdefault\u00bb background_image=\u00bbhttps:\/\/bidebarri.org\/wp-content\/uploads\/2024\/02\/banners_vending.jpg\u00bb background_enable_image=\u00bbon\u00bb global_colors_info=\u00bb{}\u00bb sticky_transition=\u00bbon\u00bb][\/et_pb_slide][et_pb_slide _builder_version=\u00bb4.24.0&#8243; _module_preset=\u00bbdefault\u00bb background_image=\u00bbhttps:\/\/bidebarri.org\/wp-content\/uploads\/2024\/02\/banners_quienes_somos.jpg\u00bb background_enable_image=\u00bbon\u00bb global_colors_info=\u00bb{}\u00bb sticky_transition=\u00bbon\u00bb][\/et_pb_slide][et_pb_slide _builder_version=\u00bb4.24.0&#8243; _module_preset=\u00bbdefault\u00bb background_image=\u00bbhttps:\/\/bidebarri.org\/wp-content\/uploads\/2024\/02\/banners_filosofia.jpg\u00bb background_enable_image=\u00bbon\u00bb global_colors_info=\u00bb{}\u00bb sticky_transition=\u00bbon\u00bb][\/et_pb_slide][et_pb_slide _builder_version=\u00bb4.24.0&#8243; _module_preset=\u00bbdefault\u00bb background_image=\u00bbhttps:\/\/bidebarri.org\/wp-content\/uploads\/2024\/02\/banners_limpieza.jpg\u00bb background_enable_image=\u00bbon\u00bb global_colors_info=\u00bb{}\u00bb sticky_transition=\u00bbon\u00bb][\/et_pb_slide][et_pb_slide _builder_version=\u00bb4.24.0&#8243; _module_preset=\u00bbdefault\u00bb background_image=\u00bbhttps:\/\/bidebarri.org\/wp-content\/uploads\/2024\/02\/banner_nuestrosserv.jpg\u00bb background_enable_image=\u00bbon\u00bb global_colors_info=\u00bb{}\u00bb sticky_transition=\u00bbon\u00bb][\/et_pb_slide][et_pb_slide _builder_version=\u00bb4.24.0&#8243; _module_preset=\u00bbdefault\u00bb background_image=\u00bbhttps:\/\/bidebarri.org\/wp-content\/uploads\/2024\/02\/banner_blog.jpg\u00bb background_enable_image=\u00bbon\u00bb global_colors_info=\u00bb{}\u00bb sticky_transition=\u00bbon\u00bb][\/et_pb_slide][et_pb_slide _builder_version=\u00bb4.24.0&#8243; _module_preset=\u00bbdefault\u00bb background_image=\u00bbhttps:\/\/bidebarri.org\/wp-content\/uploads\/2024\/02\/banner_contacto.jpg\u00bb background_enable_image=\u00bbon\u00bb global_colors_info=\u00bb{}\u00bb sticky_transition=\u00bbon\u00bb][\/et_pb_slide][\/et_pb_fullwidth_slider][\/et_pb_section][et_pb_section fb_built=\u00bb1&#8243; _builder_version=\u00bb4.24.2&#8243; _module_preset=\u00bbdefault\u00bb global_colors_info=\u00bb{}\u00bb][et_pb_row _builder_version=\u00bb4.24.2&#8243; _module_preset=\u00bbdefault\u00bb global_colors_info=\u00bb{}\u00bb][et_pb_column type=\u00bb4_4&#8243; _builder_version=\u00bb4.24.2&#8243; _module_preset=\u00bbdefault\u00bb global_colors_info=\u00bb{}\u00bb][et_pb_text _builder_version=\u00bb4.25.1&#8243; _module_preset=\u00bbdefault\u00bb hover_enabled=\u00bb0&#8243; global_colors_info=\u00bb{}\u00bb sticky_enabled=\u00bb0&#8243;]<\/p>\n<div class=\"column mcb-column one column_fancy_heading \">\n<div class=\"fancy_heading fancy_heading_icon\">\n<h2 class=\"title\">Servicio de limpieza<\/h2>\n<\/div>\n<\/div>\n<p>[\/et_pb_text][et_pb_divider _builder_version=\u00bb4.24.2&#8243; _module_preset=\u00bbdefault\u00bb background_color=\u00bb#E06100&#8243; custom_padding=\u00bb||0px|||\u00bb global_colors_info=\u00bb{}\u00bb][\/et_pb_divider][et_pb_text _builder_version=\u00bb4.25.1&#8243; _module_preset=\u00bbdefault\u00bb hover_enabled=\u00bb0&#8243; global_colors_info=\u00bb{}\u00bb sticky_enabled=\u00bb0&#8243;]<\/p>\n<h3><span style=\"color: #808080;\"><strong><a href=\"http:\/\/www.bidebarri.org\/wp-content\/uploads\/2016\/07\/Bidebarri_Servicio_Limpieza.pdf\" target=\"_blank\" rel=\"noopener\" style=\"color: #808080;\">Consulta nuestros servicios\u00a0<\/a><\/strong><\/span><\/h3>\n<p>[\/et_pb_text][et_pb_divider _builder_version=\u00bb4.24.2&#8243; _module_preset=\u00bbdefault\u00bb background_color=\u00bb#E06100&#8243; custom_padding=\u00bb||0px|||\u00bb hover_enabled=\u00bb0&#8243; global_colors_info=\u00bb{}\u00bb sticky_enabled=\u00bb0&#8243;][\/et_pb_divider][\/et_pb_column][\/et_pb_row][\/et_pb_section][et_pb_section fb_built=\u00bb1&#8243; _builder_version=\u00bb4.24.2&#8243; _module_preset=\u00bbdefault\u00bb global_colors_info=\u00bb{}\u00bb][et_pb_row _builder_version=\u00bb4.24.2&#8243; _module_preset=\u00bbdefault\u00bb global_colors_info=\u00bb{}\u00bb][et_pb_column type=\u00bb4_4&#8243; _builder_version=\u00bb4.24.2&#8243; _module_preset=\u00bbdefault\u00bb global_colors_info=\u00bb{}\u00bb][et_pb_text _builder_version=\u00bb4.25.1&#8243; _module_preset=\u00bbdefault\u00bb hover_enabled=\u00bb0&#8243; global_colors_info=\u00bb{}\u00bb sticky_enabled=\u00bb0&#8243;]<\/p>\n<p>Desarrollamos labores de limpieza de todo lo relacionado con\u00a0 sociedades gastron\u00f3micas, comunidades de vecinos, portales, garajes, oficinas,&#8230; desde la limpieza m\u00e1s general al mantenimiento diario.<\/p>\n<p>En lo referente a la limpieza de sociedades gastron\u00f3micas nos encargamos de la limpieza general, las cocinas, los ba\u00f1os, servicio de lavander\u00eda para manteler\u00eda, vajilla, etc. Ofrecemos la posibilidad de facturar los servicios de limpieza de una forma flexible con una tarifa est\u00e1ndar calculada por metros cuadrados de la sociedad y por n\u00famero de socios. De esta manera habr\u00e1 un precio fijo de limpieza general de la sociedad y luego suplemento por el n\u00famero de comidas o cenas realizadas al mes.<\/p>\n<p>[\/et_pb_text][\/et_pb_column][\/et_pb_row][\/et_pb_section]<\/p>\n","protected":false},"excerpt":{"rendered":"<p>Servicio de limpieza Consulta nuestros servicios\u00a0Desarrollamos labores de limpieza de todo lo relacionado con\u00a0 sociedades gastron\u00f3micas, comunidades de vecinos, portales, garajes, oficinas,&#8230; desde la limpieza m\u00e1s general al mantenimiento diario. En lo referente a la limpieza de sociedades gastron\u00f3micas nos encargamos de la limpieza general, las cocinas, los ba\u00f1os, servicio de lavander\u00eda para manteler\u00eda, vajilla, [&hellip;]<\/p>\n","protected":false},"author":1,"featured_media":0,"parent":109,"menu_order":1,"comment_status":"closed","ping_status":"closed","template":"","meta":{"_et_pb_use_builder":"on","_et_pb_old_content":"","_et_gb_content_width":"","pagelayer_contact_templates":[],"_pagelayer_content":"","footnotes":""},"class_list":["post-124","page","type-page","status-publish","hentry"],"_links":{"self":[{"href":"https:\/\/bidebarri.org\/es\/wp-json\/wp\/v2\/pages\/124","targetHints":{"allow":["GET"]}}],"collection":[{"href":"https:\/\/bidebarri.org\/es\/wp-json\/wp\/v2\/pages"}],"about":[{"href":"https:\/\/bidebarri.org\/es\/wp-json\/wp\/v2\/types\/page"}],"author":[{"embeddable":true,"href":"https:\/\/bidebarri.org\/es\/wp-json\/wp\/v2\/users\/1"}],"replies":[{"embeddable":true,"href":"https:\/\/bidebarri.org\/es\/wp-json\/wp\/v2\/comments?post=124"}],"version-history":[{"count":6,"href":"https:\/\/bidebarri.org\/es\/wp-json\/wp\/v2\/pages\/124\/revisions"}],"predecessor-version":[{"id":179,"href":"https:\/\/bidebarri.org\/es\/wp-json\/wp\/v2\/pages\/124\/revisions\/179"}],"up":[{"embeddable":true,"href":"https:\/\/bidebarri.org\/es\/wp-json\/wp\/v2\/pages\/109"}],"wp:attachment":[{"href":"https:\/\/bidebarri.org\/es\/wp-json\/wp\/v2\/media?parent=124"}],"curies":[{"name":"wp","href":"https:\/\/api.w.org\/{rel}","templated":true}]}}