{"id":109,"date":"2024-03-03T21:49:03","date_gmt":"2024-03-03T21:49:03","guid":{"rendered":"https:\/\/bidebarri.org\/?page_id=109"},"modified":"2024-03-03T22:45:31","modified_gmt":"2024-03-03T22:45:31","slug":"nuestos-servicios","status":"publish","type":"page","link":"https:\/\/bidebarri.org\/es\/nuestos-servicios\/","title":{"rendered":"Nuestos Servicios"},"content":{"rendered":"<p>[et_pb_section fb_built=\u00bb1&#8243; fullwidth=\u00bbon\u00bb _builder_version=\u00bb4.24.0&#8243; _module_preset=\u00bbdefault\u00bb collapsed=\u00bboff\u00bb global_colors_info=\u00bb{}\u00bb][et_pb_fullwidth_slider _builder_version=\u00bb4.24.0&#8243; _module_preset=\u00bbdefault\u00bb background_enable_image=\u00bboff\u00bb height=\u00bb287px\u00bb custom_margin=\u00bb||30px|||\u00bb custom_padding=\u00bb||310px|||\u00bb global_colors_info=\u00bb{}\u00bb][et_pb_slide _builder_version=\u00bb4.24.0&#8243; _module_preset=\u00bbdefault\u00bb background_image=\u00bbhttps:\/\/bidebarri.org\/wp-content\/uploads\/2024\/02\/banners_vending.jpg\u00bb background_enable_image=\u00bbon\u00bb global_colors_info=\u00bb{}\u00bb sticky_transition=\u00bbon\u00bb][\/et_pb_slide][et_pb_slide _builder_version=\u00bb4.24.0&#8243; _module_preset=\u00bbdefault\u00bb background_image=\u00bbhttps:\/\/bidebarri.org\/wp-content\/uploads\/2024\/02\/banners_quienes_somos.jpg\u00bb background_enable_image=\u00bbon\u00bb global_colors_info=\u00bb{}\u00bb sticky_transition=\u00bbon\u00bb][\/et_pb_slide][et_pb_slide _builder_version=\u00bb4.24.0&#8243; _module_preset=\u00bbdefault\u00bb background_image=\u00bbhttps:\/\/bidebarri.org\/wp-content\/uploads\/2024\/02\/banners_filosofia.jpg\u00bb background_enable_image=\u00bbon\u00bb global_colors_info=\u00bb{}\u00bb sticky_transition=\u00bbon\u00bb][\/et_pb_slide][et_pb_slide _builder_version=\u00bb4.24.0&#8243; _module_preset=\u00bbdefault\u00bb background_image=\u00bbhttps:\/\/bidebarri.org\/wp-content\/uploads\/2024\/02\/banners_limpieza.jpg\u00bb background_enable_image=\u00bbon\u00bb global_colors_info=\u00bb{}\u00bb sticky_transition=\u00bbon\u00bb][\/et_pb_slide][et_pb_slide _builder_version=\u00bb4.24.0&#8243; _module_preset=\u00bbdefault\u00bb background_image=\u00bbhttps:\/\/bidebarri.org\/wp-content\/uploads\/2024\/02\/banner_nuestrosserv.jpg\u00bb background_enable_image=\u00bbon\u00bb global_colors_info=\u00bb{}\u00bb sticky_transition=\u00bbon\u00bb][\/et_pb_slide][et_pb_slide _builder_version=\u00bb4.24.0&#8243; _module_preset=\u00bbdefault\u00bb background_image=\u00bbhttps:\/\/bidebarri.org\/wp-content\/uploads\/2024\/02\/banner_blog.jpg\u00bb background_enable_image=\u00bbon\u00bb global_colors_info=\u00bb{}\u00bb sticky_transition=\u00bbon\u00bb][\/et_pb_slide][et_pb_slide _builder_version=\u00bb4.24.0&#8243; _module_preset=\u00bbdefault\u00bb background_image=\u00bbhttps:\/\/bidebarri.org\/wp-content\/uploads\/2024\/02\/banner_contacto.jpg\u00bb background_enable_image=\u00bbon\u00bb global_colors_info=\u00bb{}\u00bb sticky_transition=\u00bbon\u00bb][\/et_pb_slide][\/et_pb_fullwidth_slider][\/et_pb_section][et_pb_section fb_built=\u00bb1&#8243; _builder_version=\u00bb4.24.2&#8243; _module_preset=\u00bbdefault\u00bb global_colors_info=\u00bb{}\u00bb][et_pb_row column_structure=\u00bb1_3,1_3,1_3&#8243; _builder_version=\u00bb4.24.2&#8243; _module_preset=\u00bbdefault\u00bb min_height=\u00bb173px\u00bb custom_margin=\u00bb48px|auto|-13px|auto||\u00bb custom_padding=\u00bb||0px|||\u00bb global_colors_info=\u00bb{}\u00bb][et_pb_column type=\u00bb1_3&#8243; _builder_version=\u00bb4.24.2&#8243; _module_preset=\u00bbdefault\u00bb global_colors_info=\u00bb{}\u00bb][et_pb_blurb title=\u00bbVending\u00bb use_icon=\u00bbon\u00bb font_icon=\u00bb&#xf0f4;||fa||900&#8243; icon_color=\u00bb#E06100&#8243; image_icon_width=\u00bb35px\u00bb content_max_width=\u00bb95px\u00bb _builder_version=\u00bb4.24.2&#8243; _module_preset=\u00bbdefault\u00bb header_text_align=\u00bbcenter\u00bb header_text_color=\u00bb#000000&#8243; header_font_size=\u00bb20px\u00bb animation_style=\u00bbroll\u00bb hover_enabled=\u00bb0&#8243; border_radii=\u00bbon|100px|100px|100px|100px\u00bb border_radii_image=\u00bbon|20px|20px|20px|20px\u00bb global_colors_info=\u00bb{}\u00bb link_option_url=\u00bb@ET-DC@eyJkeW5hbWljIjp0cnVlLCJjb250ZW50IjoicG9zdF9saW5rX3VybF9wYWdlIiwic2V0dGluZ3MiOnsicG9zdF9pZCI6IjExOSJ9fQ==@\u00bb _dynamic_attributes=\u00bblink_option_url\u00bb sticky_enabled=\u00bb0&#8243;][\/et_pb_blurb][\/et_pb_column][et_pb_column type=\u00bb1_3&#8243; _builder_version=\u00bb4.24.2&#8243; _module_preset=\u00bbdefault\u00bb global_colors_info=\u00bb{}\u00bb][et_pb_blurb title=\u00bbLimpieza\u00bb use_icon=\u00bbon\u00bb font_icon=\u00bb&#xf043;||fa||900&#8243; icon_color=\u00bb#E06100&#8243; image_icon_width=\u00bb35px\u00bb content_max_width=\u00bb95px\u00bb _builder_version=\u00bb4.24.2&#8243; _module_preset=\u00bbdefault\u00bb header_text_align=\u00bbcenter\u00bb header_text_color=\u00bb#000000&#8243; header_font_size=\u00bb20px\u00bb animation_style=\u00bbroll\u00bb hover_enabled=\u00bb0&#8243; border_radii=\u00bbon|100px|100px|100px|100px\u00bb border_radii_image=\u00bbon|20px|20px|20px|20px\u00bb global_colors_info=\u00bb{}\u00bb link_option_url=\u00bb@ET-DC@eyJkeW5hbWljIjp0cnVlLCJjb250ZW50IjoicG9zdF9saW5rX3VybF9wYWdlIiwic2V0dGluZ3MiOnsicG9zdF9pZCI6IjEyNCJ9fQ==@\u00bb _dynamic_attributes=\u00bblink_option_url\u00bb sticky_enabled=\u00bb0&#8243;][\/et_pb_blurb][\/et_pb_column][et_pb_column type=\u00bb1_3&#8243; _builder_version=\u00bb4.24.2&#8243; _module_preset=\u00bbdefault\u00bb global_colors_info=\u00bb{}\u00bb][et_pb_blurb title=\u00bbOtros\u00bb use_icon=\u00bbon\u00bb font_icon=\u00bb&#xe050;||divi||400&#8243; icon_color=\u00bb#E06100&#8243; image_icon_width=\u00bb35px\u00bb content_max_width=\u00bb95px\u00bb _builder_version=\u00bb4.24.2&#8243; _module_preset=\u00bbdefault\u00bb header_text_align=\u00bbcenter\u00bb header_text_color=\u00bb#000000&#8243; header_font_size=\u00bb20px\u00bb animation_style=\u00bbroll\u00bb hover_enabled=\u00bb0&#8243; border_radii=\u00bbon|100px|100px|100px|100px\u00bb border_radii_image=\u00bbon|20px|20px|20px|20px\u00bb global_colors_info=\u00bb{}\u00bb link_option_url=\u00bb@ET-DC@eyJkeW5hbWljIjp0cnVlLCJjb250ZW50IjoicG9zdF9saW5rX3VybF9wYWdlIiwic2V0dGluZ3MiOnsicG9zdF9pZCI6IjEyOSJ9fQ==@\u00bb _dynamic_attributes=\u00bblink_option_url\u00bb sticky_enabled=\u00bb0&#8243;][\/et_pb_blurb][\/et_pb_column][\/et_pb_row][et_pb_row _builder_version=\u00bb4.24.2&#8243; _module_preset=\u00bbdefault\u00bb global_colors_info=\u00bb{}\u00bb][et_pb_column type=\u00bb4_4&#8243; _builder_version=\u00bb4.24.2&#8243; _module_preset=\u00bbdefault\u00bb global_colors_info=\u00bb{}\u00bb][et_pb_tabs _builder_version=\u00bb4.24.2&#8243; _module_preset=\u00bbdefault\u00bb global_colors_info=\u00bb{}\u00bb][et_pb_tab title=\u00bbVending\u00bb _builder_version=\u00bb4.24.2&#8243; _module_preset=\u00bbdefault\u00bb global_colors_info=\u00bb{}\u00bb]<\/p>\n<p>El servicio de vending, se realiza por personal de nuestra propia empresa, tanto para la carga como para el mantenimiento de los aparatos.<\/p>\n<p>La atenci\u00f3n a las m\u00e1quinas se realizar\u00e1 el n\u00famero de veces necesario para garantizar el correcto funcionamiento de las mismas.<\/p>\n<p>Disponemos de veh\u00edculos adecuados para el transporte y reposici\u00f3n del producto.<\/p>\n<p>El sistema de pago de las m\u00e1quinas se realizar\u00e1 a trav\u00e9s de monederos electr\u00f3nicos y todos los monederos devolver\u00e1n cambio. Adem\u00e1s, en caso de interesar, tambi\u00e9n podr\u00e1 dispondr\u00e1 de un sistema de pago con llaves acumuladores de saldo con posibilidad de billetero.<\/p>\n<p>[\/et_pb_tab][et_pb_tab title=\u00bbLimpieza\u00bb _builder_version=\u00bb4.24.2&#8243; _module_preset=\u00bbdefault\u00bb global_colors_info=\u00bb{}\u00bb]<\/p>\n<p>Desarrollamos las labores de limpieza de todo lo relacionado con las sociedades gastron\u00f3micas, desde la limpieza m\u00e1s general y de mantenimiento de la sociedad as\u00ed como de limpiezas espec\u00edficas cuando hay comidas o cenas.<\/p>\n<p>Realizamos la limpieza de la limpieza general, las cocinas, los ba\u00f1os, servicio de lavander\u00eda para manteler\u00eda, vajilla, etc.<\/p>\n<p>Ofrecemos la posibilidad de facturar los servicios de una forma flexible con una tarifa est\u00e1ndar por metros cuadrados de la sociedad y por n\u00famero de socios. De esta manera habr\u00e1 un precio fijo de limpieza general de la sociedad y luego suplemento por el n\u00famero de comidas o cenas realizadas al mes.<\/p>\n<p>[\/et_pb_tab][et_pb_tab title=\u00bbOtros\u00bb _builder_version=\u00bb4.24.2&#8243; _module_preset=\u00bbdefault\u00bb global_colors_info=\u00bb{}\u00bb]<\/p>\n<p>Adem\u00e1s de los servicios principales mencionados en los apartados anteriores, destacamos m\u00e1s funciones que realizamos y que ofrecemos a nuestros clientes. Servicio de repartos, buzoneos, etc. as\u00ed como aquellos servicios que nos pueda proponer y que podemos tener en cuenta para ofrecerlo.<\/p>\n<p>\u00a1Contacte con nosotros!<\/p>\n<p>[\/et_pb_tab][\/et_pb_tabs][\/et_pb_column][\/et_pb_row][\/et_pb_section]<\/p>\n","protected":false},"excerpt":{"rendered":"<p>El servicio de vending, se realiza por personal de nuestra propia empresa, tanto para la carga como para el mantenimiento de los aparatos. La atenci\u00f3n a las m\u00e1quinas se realizar\u00e1 el n\u00famero de veces necesario para garantizar el correcto funcionamiento de las mismas. Disponemos de veh\u00edculos adecuados para el transporte y reposici\u00f3n del producto. El [&hellip;]<\/p>\n","protected":false},"author":1,"featured_media":0,"parent":0,"menu_order":0,"comment_status":"closed","ping_status":"closed","template":"","meta":{"_et_pb_use_builder":"on","_et_pb_old_content":"","_et_gb_content_width":"","pagelayer_contact_templates":[],"_pagelayer_content":"","footnotes":""},"class_list":["post-109","page","type-page","status-publish","hentry"],"_links":{"self":[{"href":"https:\/\/bidebarri.org\/es\/wp-json\/wp\/v2\/pages\/109","targetHints":{"allow":["GET"]}}],"collection":[{"href":"https:\/\/bidebarri.org\/es\/wp-json\/wp\/v2\/pages"}],"about":[{"href":"https:\/\/bidebarri.org\/es\/wp-json\/wp\/v2\/types\/page"}],"author":[{"embeddable":true,"href":"https:\/\/bidebarri.org\/es\/wp-json\/wp\/v2\/users\/1"}],"replies":[{"embeddable":true,"href":"https:\/\/bidebarri.org\/es\/wp-json\/wp\/v2\/comments?post=109"}],"version-history":[{"count":6,"href":"https:\/\/bidebarri.org\/es\/wp-json\/wp\/v2\/pages\/109\/revisions"}],"predecessor-version":[{"id":152,"href":"https:\/\/bidebarri.org\/es\/wp-json\/wp\/v2\/pages\/109\/revisions\/152"}],"wp:attachment":[{"href":"https:\/\/bidebarri.org\/es\/wp-json\/wp\/v2\/media?parent=109"}],"curies":[{"name":"wp","href":"https:\/\/api.w.org\/{rel}","templated":true}]}}