{"id":102,"date":"2024-03-03T21:27:10","date_gmt":"2024-03-03T21:27:10","guid":{"rendered":"https:\/\/bidebarri.org\/?page_id=102"},"modified":"2024-06-19T09:21:36","modified_gmt":"2024-06-19T09:21:36","slug":"102-2","status":"publish","type":"page","link":"https:\/\/bidebarri.org\/es\/102-2\/","title":{"rendered":"Filosof\u00eda"},"content":{"rendered":"<p>[et_pb_section fb_built=\u00bb1&#8243; fullwidth=\u00bbon\u00bb _builder_version=\u00bb4.24.0&#8243; _module_preset=\u00bbdefault\u00bb collapsed=\u00bboff\u00bb global_colors_info=\u00bb{}\u00bb][et_pb_fullwidth_slider _builder_version=\u00bb4.24.0&#8243; _module_preset=\u00bbdefault\u00bb background_enable_image=\u00bboff\u00bb height=\u00bb253px\u00bb custom_margin=\u00bb||44px|||\u00bb custom_padding=\u00bb||150px|||\u00bb global_colors_info=\u00bb{}\u00bb][et_pb_slide _builder_version=\u00bb4.24.0&#8243; _module_preset=\u00bbdefault\u00bb background_image=\u00bbhttps:\/\/bidebarri.org\/wp-content\/uploads\/2024\/02\/banners_vending.jpg\u00bb background_enable_image=\u00bbon\u00bb global_colors_info=\u00bb{}\u00bb sticky_transition=\u00bbon\u00bb][\/et_pb_slide][et_pb_slide _builder_version=\u00bb4.24.0&#8243; _module_preset=\u00bbdefault\u00bb background_image=\u00bbhttps:\/\/bidebarri.org\/wp-content\/uploads\/2024\/02\/banners_quienes_somos.jpg\u00bb background_enable_image=\u00bbon\u00bb global_colors_info=\u00bb{}\u00bb sticky_transition=\u00bbon\u00bb][\/et_pb_slide][et_pb_slide _builder_version=\u00bb4.24.0&#8243; _module_preset=\u00bbdefault\u00bb background_image=\u00bbhttps:\/\/bidebarri.org\/wp-content\/uploads\/2024\/02\/banners_filosofia.jpg\u00bb background_enable_image=\u00bbon\u00bb global_colors_info=\u00bb{}\u00bb sticky_transition=\u00bbon\u00bb][\/et_pb_slide][et_pb_slide _builder_version=\u00bb4.24.0&#8243; _module_preset=\u00bbdefault\u00bb background_image=\u00bbhttps:\/\/bidebarri.org\/wp-content\/uploads\/2024\/02\/banners_limpieza.jpg\u00bb background_enable_image=\u00bbon\u00bb global_colors_info=\u00bb{}\u00bb sticky_transition=\u00bbon\u00bb][\/et_pb_slide][et_pb_slide _builder_version=\u00bb4.24.0&#8243; _module_preset=\u00bbdefault\u00bb background_image=\u00bbhttps:\/\/bidebarri.org\/wp-content\/uploads\/2024\/02\/banner_nuestrosserv.jpg\u00bb background_enable_image=\u00bbon\u00bb global_colors_info=\u00bb{}\u00bb sticky_transition=\u00bbon\u00bb][\/et_pb_slide][et_pb_slide _builder_version=\u00bb4.24.0&#8243; _module_preset=\u00bbdefault\u00bb background_image=\u00bbhttps:\/\/bidebarri.org\/wp-content\/uploads\/2024\/02\/banner_blog.jpg\u00bb background_enable_image=\u00bbon\u00bb global_colors_info=\u00bb{}\u00bb sticky_transition=\u00bbon\u00bb][\/et_pb_slide][et_pb_slide _builder_version=\u00bb4.24.0&#8243; _module_preset=\u00bbdefault\u00bb background_image=\u00bbhttps:\/\/bidebarri.org\/wp-content\/uploads\/2024\/02\/banner_contacto.jpg\u00bb background_enable_image=\u00bbon\u00bb global_colors_info=\u00bb{}\u00bb sticky_transition=\u00bbon\u00bb][\/et_pb_slide][\/et_pb_fullwidth_slider][\/et_pb_section][et_pb_section fb_built=\u00bb1&#8243; _builder_version=\u00bb4.24.2&#8243; _module_preset=\u00bbdefault\u00bb custom_margin=\u00bb-39px|||||\u00bb global_colors_info=\u00bb{}\u00bb][et_pb_row column_structure=\u00bb3_5,2_5&#8243; _builder_version=\u00bb4.24.2&#8243; _module_preset=\u00bbdefault\u00bb custom_margin=\u00bb-96px|auto||auto||\u00bb global_colors_info=\u00bb{}\u00bb][et_pb_column type=\u00bb3_5&#8243; _builder_version=\u00bb4.24.2&#8243; _module_preset=\u00bbdefault\u00bb global_colors_info=\u00bb{}\u00bb][et_pb_text _builder_version=\u00bb4.25.1&#8243; _module_preset=\u00bbdefault\u00bb hover_enabled=\u00bb0&#8243; global_colors_info=\u00bb{}\u00bb sticky_enabled=\u00bb0&#8243;]<\/p>\n<p style=\"text-align: justify;\">Bidebarri est\u00e1 participada en un 50 % por el Ayuntamiento de O\u00f1ati, un 40 % por C\u00e1ritas de la Parroquia de O\u00f1ati y un 10 % por el Promotor. Esta caracter\u00edstica se mantiene desde sus or\u00edgenes en 1996.<\/p>\n<p style=\"text-align: justify;\">Desde 2004 Bidebarri est\u00e1 calificada como Empresa de Inserci\u00f3n (BOPV 15 de abril 2004, Registro de Empresas de Inserci\u00f3n: 2003\/0009\/1).<\/p>\n<p style=\"text-align: justify;\">El hecho de que Bidebarri est\u00e9 calificada como empresa de inserci\u00f3n nos obliga a que entre el 50 y el 75 % de los\/as empleados\/as sean personas que est\u00e9n en Situaci\u00f3n o en Riesgo de Exclusi\u00f3n Social. Estas personas son, en su gran mayor\u00eda, derivadas de Lanbide, C\u00e1ritas y Servicios Sociales de Base. El resto del personal lo componen trabajadores\/as cuya tarea es el acompa\u00f1amiento de la inserci\u00f3n y la producci\u00f3n en dicha entidad.<\/p>\n<p>[\/et_pb_text][\/et_pb_column][et_pb_column type=\u00bb2_5&#8243; _builder_version=\u00bb4.24.2&#8243; _module_preset=\u00bbdefault\u00bb global_colors_info=\u00bb{}\u00bb][et_pb_image src=\u00bbhttps:\/\/bidebarri.org\/wp-content\/uploads\/2024\/02\/chico-paquete.jpg\u00bb title_text=\u00bbchico-paquete\u00bb _builder_version=\u00bb4.24.2&#8243; _module_preset=\u00bbdefault\u00bb global_colors_info=\u00bb{}\u00bb][\/et_pb_image][\/et_pb_column][\/et_pb_row][\/et_pb_section]<\/p>\n","protected":false},"excerpt":{"rendered":"<p>Bidebarri est\u00e1 participada en un 50 % por el Ayuntamiento de O\u00f1ati, un 40 % por C\u00e1ritas de la Parroquia de O\u00f1ati y un 10 % por el Promotor. Esta caracter\u00edstica se mantiene desde sus or\u00edgenes en 1996. Desde 2004 Bidebarri est\u00e1 calificada como Empresa de Inserci\u00f3n (BOPV 15 de abril 2004, Registro de Empresas [&hellip;]<\/p>\n","protected":false},"author":1,"featured_media":0,"parent":0,"menu_order":0,"comment_status":"closed","ping_status":"closed","template":"","meta":{"_et_pb_use_builder":"on","_et_pb_old_content":"","_et_gb_content_width":"","pagelayer_contact_templates":[],"_pagelayer_content":"","footnotes":""},"class_list":["post-102","page","type-page","status-publish","hentry"],"_links":{"self":[{"href":"https:\/\/bidebarri.org\/es\/wp-json\/wp\/v2\/pages\/102","targetHints":{"allow":["GET"]}}],"collection":[{"href":"https:\/\/bidebarri.org\/es\/wp-json\/wp\/v2\/pages"}],"about":[{"href":"https:\/\/bidebarri.org\/es\/wp-json\/wp\/v2\/types\/page"}],"author":[{"embeddable":true,"href":"https:\/\/bidebarri.org\/es\/wp-json\/wp\/v2\/users\/1"}],"replies":[{"embeddable":true,"href":"https:\/\/bidebarri.org\/es\/wp-json\/wp\/v2\/comments?post=102"}],"version-history":[{"count":5,"href":"https:\/\/bidebarri.org\/es\/wp-json\/wp\/v2\/pages\/102\/revisions"}],"predecessor-version":[{"id":175,"href":"https:\/\/bidebarri.org\/es\/wp-json\/wp\/v2\/pages\/102\/revisions\/175"}],"wp:attachment":[{"href":"https:\/\/bidebarri.org\/es\/wp-json\/wp\/v2\/media?parent=102"}],"curies":[{"name":"wp","href":"https:\/\/api.w.org\/{rel}","templated":true}]}}